{"id":237,"date":"2020-02-11T15:03:04","date_gmt":"2020-02-11T14:03:04","guid":{"rendered":"https:\/\/www.hotelcalicegevaudan.com\/?page_id=237"},"modified":"2023-09-13T11:06:09","modified_gmt":"2023-09-13T09:06:09","slug":"contact-us-2","status":"publish","type":"page","link":"https:\/\/www.hotelcalicegevaudan.com\/en\/contact-us-2\/","title":{"rendered":"Contact and access"},"content":{"rendered":"<div data-elementor-type=\"wp-page\" data-elementor-id=\"237\" class=\"elementor elementor-237\" data-elementor-post-type=\"page\">\n\t\t\t\t\t\t<section class=\"elementor-section elementor-top-section elementor-element elementor-element-e93d204 elementor-section-boxed elementor-section-height-default elementor-section-height-default\" data-id=\"e93d204\" data-element_type=\"section\">\n\t\t\t\t\t\t<div class=\"elementor-container elementor-column-gap-default\">\n\t\t\t\t\t<div class=\"elementor-column elementor-col-100 elementor-top-column elementor-element elementor-element-ebd0eba\" data-id=\"ebd0eba\" data-element_type=\"column\">\n\t\t\t<div class=\"elementor-widget-wrap elementor-element-populated\">\n\t\t\t\t\t\t<div class=\"elementor-element elementor-element-dcc11ab elementor-widget elementor-widget-spacer\" data-id=\"dcc11ab\" data-element_type=\"widget\" data-widget_type=\"spacer.default\">\n\t\t\t\t<div class=\"elementor-widget-container\">\n\t\t\t\t\t\t\t<div class=\"elementor-spacer\">\n\t\t\t<div class=\"elementor-spacer-inner\"><\/div>\n\t\t<\/div>\n\t\t\t\t\t\t<\/div>\n\t\t\t\t<\/div>\n\t\t\t\t\t<\/div>\n\t\t<\/div>\n\t\t\t\t\t<\/div>\n\t\t<\/section>\n\t\t\t\t<section class=\"elementor-section elementor-top-section elementor-element elementor-element-0ccf213 elementor-section-boxed elementor-section-height-default elementor-section-height-default\" data-id=\"0ccf213\" data-element_type=\"section\">\n\t\t\t\t\t\t<div class=\"elementor-container elementor-column-gap-default\">\n\t\t\t\t\t<div class=\"elementor-column elementor-col-100 elementor-top-column elementor-element elementor-element-fd8f9cc\" data-id=\"fd8f9cc\" data-element_type=\"column\" data-settings=\"{&quot;background_background&quot;:&quot;classic&quot;}\">\n\t\t\t<div class=\"elementor-widget-wrap elementor-element-populated\">\n\t\t\t\t\t\t<div class=\"elementor-element elementor-element-fdd1866 elementor-widget elementor-widget-heading\" data-id=\"fdd1866\" data-element_type=\"widget\" data-widget_type=\"heading.default\">\n\t\t\t\t<div class=\"elementor-widget-container\">\n\t\t\t\t\t<h1 class=\"elementor-heading-title elementor-size-default\">Contact and access<\/h1>\t\t\t\t<\/div>\n\t\t\t\t<\/div>\n\t\t\t\t\t<\/div>\n\t\t<\/div>\n\t\t\t\t\t<\/div>\n\t\t<\/section>\n\t\t\t\t<section class=\"elementor-section elementor-top-section elementor-element elementor-element-735d2ae elementor-section-boxed elementor-section-height-default elementor-section-height-default\" data-id=\"735d2ae\" data-element_type=\"section\">\n\t\t\t\t\t\t<div class=\"elementor-container elementor-column-gap-default\">\n\t\t\t\t\t<div class=\"elementor-column elementor-col-100 elementor-top-column elementor-element elementor-element-9961994\" data-id=\"9961994\" data-element_type=\"column\">\n\t\t\t<div class=\"elementor-widget-wrap elementor-element-populated\">\n\t\t\t\t\t\t<div class=\"elementor-element elementor-element-31cf9ae elementor-widget elementor-widget-image\" data-id=\"31cf9ae\" data-element_type=\"widget\" data-widget_type=\"image.default\">\n\t\t\t\t<div class=\"elementor-widget-container\">\n\t\t\t\t\t\t\t\t\t\t\t\t\t\t\t<img fetchpriority=\"high\" decoding=\"async\" width=\"768\" height=\"252\" src=\"https:\/\/www.hotelcalicegevaudan.com\/wp-content\/uploads\/2020\/07\/calicevueaerienne-768x252.jpg\" class=\"attachment-medium_large size-medium_large wp-image-797\" alt=\"\" srcset=\"https:\/\/www.hotelcalicegevaudan.com\/wp-content\/uploads\/2020\/07\/calicevueaerienne-768x252.jpg 768w, https:\/\/www.hotelcalicegevaudan.com\/wp-content\/uploads\/2020\/07\/calicevueaerienne-300x98.jpg 300w, https:\/\/www.hotelcalicegevaudan.com\/wp-content\/uploads\/2020\/07\/calicevueaerienne-1024x335.jpg 1024w, https:\/\/www.hotelcalicegevaudan.com\/wp-content\/uploads\/2020\/07\/calicevueaerienne-1536x503.jpg 1536w, https:\/\/www.hotelcalicegevaudan.com\/wp-content\/uploads\/2020\/07\/calicevueaerienne.jpg 2009w\" sizes=\"(max-width: 768px) 100vw, 768px\" \/>\t\t\t\t\t\t\t\t\t\t\t\t\t\t\t<\/div>\n\t\t\t\t<\/div>\n\t\t\t\t<div class=\"elementor-element elementor-element-14e441a elementor-widget elementor-widget-text-editor\" data-id=\"14e441a\" data-element_type=\"widget\" data-widget_type=\"text-editor.default\">\n\t\t\t\t<div class=\"elementor-widget-container\">\n\t\t\t\t\t\t\t\t\t<p><strong>Hotel Restaurant Le Calice du G\u00e9vaudan**<\/strong><br>2 Mont\u00e9e de Pissa L\u00e8bre \u2013 48500 Banassac- Canilhac&nbsp;<br>Tel: +33 (0)4 66 32 94 18<\/p>\n<p>Exit 40 of the A75\u00a0 |\u00a0 GPS coordinates: 44.438499,3.196996<\/p>\t\t\t\t\t\t\t\t<\/div>\n\t\t\t\t<\/div>\n\t\t\t\t\t<\/div>\n\t\t<\/div>\n\t\t\t\t\t<\/div>\n\t\t<\/section>\n\t\t\t\t<section class=\"elementor-section elementor-top-section elementor-element elementor-element-e476edd elementor-section-boxed elementor-section-height-default elementor-section-height-default\" data-id=\"e476edd\" data-element_type=\"section\">\n\t\t\t\t\t\t<div class=\"elementor-container elementor-column-gap-default\">\n\t\t\t\t\t\t<\/div>\n\t\t<\/section>\n\t\t\t\t<section class=\"elementor-section elementor-top-section elementor-element elementor-element-c89bbb6 elementor-section-boxed elementor-section-height-default elementor-section-height-default\" data-id=\"c89bbb6\" data-element_type=\"section\">\n\t\t\t\t\t\t<div class=\"elementor-container elementor-column-gap-default\">\n\t\t\t\t\t<div class=\"elementor-column elementor-col-50 elementor-top-column elementor-element elementor-element-85f8b7a\" data-id=\"85f8b7a\" data-element_type=\"column\">\n\t\t\t<div class=\"elementor-widget-wrap elementor-element-populated\">\n\t\t\t\t\t\t<div class=\"elementor-element elementor-element-acb3416 elementor-widget elementor-widget-heading\" data-id=\"acb3416\" data-element_type=\"widget\" data-widget_type=\"heading.default\">\n\t\t\t\t<div class=\"elementor-widget-container\">\n\t\t\t\t\t<h2 class=\"elementor-heading-title elementor-size-default\">Contact us<\/h2>\t\t\t\t<\/div>\n\t\t\t\t<\/div>\n\t\t\t\t<div class=\"elementor-element elementor-element-7720f61 elementor-widget elementor-widget-text-editor\" data-id=\"7720f61\" data-element_type=\"widget\" data-widget_type=\"text-editor.default\">\n\t\t\t\t<div class=\"elementor-widget-container\">\n\t\t\t\t\t\t\t\t\t<p>For any requests for additional information,\u00a0 we invite you to send us an email via the contact form or to contact us by telephone.<\/p>\t\t\t\t\t\t\t\t<\/div>\n\t\t\t\t<\/div>\n\t\t\t\t<div class=\"elementor-element elementor-element-753fec0 elementor-button-align-stretch elementor-widget elementor-widget-form\" data-id=\"753fec0\" data-element_type=\"widget\" data-settings=\"{&quot;step_next_label&quot;:&quot;Suivant&quot;,&quot;step_previous_label&quot;:&quot;Pr\\u00e9c\\u00e9dent&quot;,&quot;button_width&quot;:&quot;100&quot;,&quot;step_type&quot;:&quot;number_text&quot;,&quot;step_icon_shape&quot;:&quot;circle&quot;}\" data-widget_type=\"form.default\">\n\t\t\t\t<div class=\"elementor-widget-container\">\n\t\t\t\t\t\t\t<form class=\"elementor-form\" method=\"post\" name=\"Nouveau formulaire\" aria-label=\"New form\" action=\"\">\n\t\t\t<input type=\"hidden\" name=\"post_id\" value=\"237\"\/>\n\t\t\t<input type=\"hidden\" name=\"form_id\" value=\"753fec0\"\/>\n\t\t\t<input type=\"hidden\" name=\"referer_title\" value=\"Contactez l&#039;H\u00f4tel*** Restaurant Le Calice du G\u00e9vaudan\" \/>\n\n\t\t\t\t\t\t\t<input type=\"hidden\" name=\"queried_id\" value=\"237\"\/>\n\t\t\t\n\t\t\t<div class=\"elementor-form-fields-wrapper elementor-labels-above\">\n\t\t\t\t\t\t\t\t<div class=\"elementor-field-type-text elementor-field-group elementor-column elementor-field-group-name elementor-col-100 elementor-field-required\">\n\t\t\t\t\t\t\t\t\t\t\t\t<label for=\"form-field-name\" class=\"elementor-field-label\">\n\t\t\t\t\t\t\t\tSurname*\t\t\t\t\t\t\t<\/label>\n\t\t\t\t\t\t\t\t\t\t\t\t\t\t<input size=\"1\" type=\"text\" name=\"form_fields[name]\" id=\"form-field-name\" class=\"elementor-field elementor-size-sm  elementor-field-textual\" required=\"required\">\n\t\t\t\t\t\t\t\t\t\t\t<\/div>\n\t\t\t\t\t\t\t\t<div class=\"elementor-field-type-text elementor-field-group elementor-column elementor-field-group-field_1 elementor-col-100 elementor-field-required\">\n\t\t\t\t\t\t\t\t\t\t\t\t<label for=\"form-field-field_1\" class=\"elementor-field-label\">\n\t\t\t\t\t\t\t\tFirst name*\t\t\t\t\t\t\t<\/label>\n\t\t\t\t\t\t\t\t\t\t\t\t\t\t<input size=\"1\" type=\"text\" name=\"form_fields[field_1]\" id=\"form-field-field_1\" class=\"elementor-field elementor-size-sm  elementor-field-textual\" required=\"required\">\n\t\t\t\t\t\t\t\t\t\t\t<\/div>\n\t\t\t\t\t\t\t\t<div class=\"elementor-field-type-tel elementor-field-group elementor-column elementor-field-group-email elementor-col-100\">\n\t\t\t\t\t\t\t\t\t\t\t\t<label for=\"form-field-email\" class=\"elementor-field-label\">\n\t\t\t\t\t\t\t\tTelephone\t\t\t\t\t\t\t<\/label>\n\t\t\t\t\t\t\t\t<input size=\"1\" type=\"tel\" name=\"form_fields[email]\" id=\"form-field-email\" class=\"elementor-field elementor-size-sm  elementor-field-textual\" pattern=\"[0-9()#&amp;+*-=.]+\" title=\"Only phone number characters (#, -, *, etc.) are accepted.\">\n\n\t\t\t\t\t\t<\/div>\n\t\t\t\t\t\t\t\t<div class=\"elementor-field-type-email elementor-field-group elementor-column elementor-field-group-field_2 elementor-col-100 elementor-field-required\">\n\t\t\t\t\t\t\t\t\t\t\t\t<label for=\"form-field-field_2\" class=\"elementor-field-label\">\n\t\t\t\t\t\t\t\tEmail*\t\t\t\t\t\t\t<\/label>\n\t\t\t\t\t\t\t\t\t\t\t\t\t\t<input size=\"1\" type=\"email\" name=\"form_fields[field_2]\" id=\"form-field-field_2\" class=\"elementor-field elementor-size-sm  elementor-field-textual\" required=\"required\">\n\t\t\t\t\t\t\t\t\t\t\t<\/div>\n\t\t\t\t\t\t\t\t<div class=\"elementor-field-type-textarea elementor-field-group elementor-column elementor-field-group-message elementor-col-100\">\n\t\t\t\t\t\t\t\t\t\t\t\t<label for=\"form-field-message\" class=\"elementor-field-label\">\n\t\t\t\t\t\t\t\tMessage*\t\t\t\t\t\t\t<\/label>\n\t\t\t\t\t\t<textarea class=\"elementor-field-textual elementor-field  elementor-size-sm\" name=\"form_fields[message]\" id=\"form-field-message\" rows=\"4\" placeholder=\"Message\"><\/textarea>\t\t\t\t<\/div>\n\t\t\t\t\t\t\t\t<div class=\"elementor-field-type-recaptcha_v3 elementor-field-group elementor-column elementor-field-group-field_3 elementor-col-100 recaptcha_v3-bottomright\">\n\t\t\t\t\t<div class=\"elementor-field\" id=\"form-field-field_3\"><\/div>\t\t\t\t<\/div>\n\t\t\t\t\t\t\t\t<div class=\"elementor-field-type-acceptance elementor-field-group elementor-column elementor-field-group-field_4 elementor-col-100 elementor-field-required\">\n\t\t\t\t\t\t\t<div class=\"elementor-field-subgroup\">\n\t\t\t<span class=\"elementor-field-option\">\n\t\t\t\t<input type=\"checkbox\" name=\"form_fields[field_4]\" id=\"form-field-field_4\" class=\"elementor-field elementor-size-sm  elementor-acceptance-field\" required=\"required\">\n\t\t\t\t<label for=\"form-field-field_4\">By submitting this form, I accept that the information I have entered will be used in connection with my contact request, and will be used to contact me again, as well as in the context of the relationship I have established with Le Calice du G\u00e9vaudan.<\/label>\t\t\t<\/span>\n\t\t<\/div>\n\t\t\t\t\t\t<\/div>\n\t\t\t\t\t\t\t\t<div class=\"elementor-field-group elementor-column elementor-field-type-submit elementor-col-100 e-form__buttons\">\n\t\t\t\t\t<button class=\"elementor-button elementor-size-sm\" type=\"submit\">\n\t\t\t\t\t\t<span class=\"elementor-button-content-wrapper\">\n\t\t\t\t\t\t\t\t\t\t\t\t\t\t\t\t\t\t\t\t\t\t<span class=\"elementor-button-text\">Send<\/span>\n\t\t\t\t\t\t\t\t\t\t\t\t\t<\/span>\n\t\t\t\t\t<\/button>\n\t\t\t\t<\/div>\n\t\t\t<\/div>\n\t\t<input type=\"hidden\" name=\"trp-form-language\" value=\"en\"\/><\/form>\n\t\t\t\t\t\t<\/div>\n\t\t\t\t<\/div>\n\t\t\t\t\t<\/div>\n\t\t<\/div>\n\t\t\t\t<div class=\"elementor-column elementor-col-50 elementor-top-column elementor-element elementor-element-021343a\" data-id=\"021343a\" data-element_type=\"column\">\n\t\t\t<div class=\"elementor-widget-wrap elementor-element-populated\">\n\t\t\t\t\t\t<div class=\"elementor-element elementor-element-139f649 elementor-widget elementor-widget-heading\" data-id=\"139f649\" data-element_type=\"widget\" data-widget_type=\"heading.default\">\n\t\t\t\t<div class=\"elementor-widget-container\">\n\t\t\t\t\t<h2 class=\"elementor-heading-title elementor-size-default\">Getting here by public transport<\/h2>\t\t\t\t<\/div>\n\t\t\t\t<\/div>\n\t\t\t\t<div class=\"elementor-element elementor-element-4fa7ec0 elementor-widget elementor-widget-text-editor\" data-id=\"4fa7ec0\" data-element_type=\"widget\" data-widget_type=\"text-editor.default\">\n\t\t\t\t<div class=\"elementor-widget-container\">\n\t\t\t\t\t\t\t\t\t<p><strong>SNCF\u00a0<\/strong> : B\u00e9ziers \/ Banassac \/ Clermont-Ferrand line<br \/>\u2192 SNCF station located 500m away<br \/>\u2192 Timetable: <a href=\"https:\/\/www.ter.sncf.com\/occitanie\" target=\"_blank\" rel=\"noopener\">www.ter.sncf.com\/occitanie<\/a><br \/>\u2192 Booking: <a href=\"https:\/\/www.thetrainline.com\/fr\/compagnies-ferroviaires\/sncf\" target=\"_blank\" rel=\"noopener\">https:\/\/www.thetrainline.com\/fr\/compagnies-ferroviaires\/sncf<\/a><\/p><p><strong>Regional liO coach<\/strong> : line 280 Mende \/ Millau \/ Montpellier (fare \u20ac2)<br \/>\u2192 The stop opposite the hotel at the carpooling area.<br \/>\u2192 Timetable: <a href=\"https:\/\/lio.laregion.fr\/les-lignes-regulieres-autocars-lio\">https:\/\/lio.laregion.fr\/les-lignes-regulieres-autocars-lio<\/a><\/p><p>\u00a0<\/p>\t\t\t\t\t\t\t\t<\/div>\n\t\t\t\t<\/div>\n\t\t\t\t<div class=\"elementor-element elementor-element-c3c8371 elementor-widget elementor-widget-google_maps\" data-id=\"c3c8371\" data-element_type=\"widget\" data-widget_type=\"google_maps.default\">\n\t\t\t\t<div class=\"elementor-widget-container\">\n\t\t\t\t\t\t\t<div class=\"elementor-custom-embed\">\n\t\t\t<iframe loading=\"lazy\"\n\t\t\t\t\tsrc=\"https:\/\/maps.google.com\/maps?q=Le%20calice%20du%20gevaudan%2048500%20banassac&#038;t=m&#038;z=9&#038;output=embed&#038;iwloc=near\"\n\t\t\t\t\ttitle=\"Le calice du gevaudan 48500 banassac\"\n\t\t\t\t\taria-label=\"Le calice du gevaudan 48500 banassac\"\n\t\t\t><\/iframe>\n\t\t<\/div>\n\t\t\t\t\t\t<\/div>\n\t\t\t\t<\/div>\n\t\t\t\t\t<\/div>\n\t\t<\/div>\n\t\t\t\t\t<\/div>\n\t\t<\/section>\n\t\t\t\t<section class=\"elementor-section elementor-top-section elementor-element elementor-element-c915484 elementor-section-boxed elementor-section-height-default elementor-section-height-default\" data-id=\"c915484\" data-element_type=\"section\">\n\t\t\t\t\t\t<div class=\"elementor-container elementor-column-gap-default\">\n\t\t\t\t\t<div class=\"elementor-column elementor-col-50 elementor-top-column elementor-element elementor-element-406876f\" data-id=\"406876f\" data-element_type=\"column\">\n\t\t\t<div class=\"elementor-widget-wrap elementor-element-populated\">\n\t\t\t\t\t\t<div class=\"elementor-element elementor-element-bba3dfe elementor-widget elementor-widget-image\" data-id=\"bba3dfe\" data-element_type=\"widget\" data-widget_type=\"image.default\">\n\t\t\t\t<div class=\"elementor-widget-container\">\n\t\t\t\t\t\t\t\t\t\t\t\t<figure class=\"wp-caption\">\n\t\t\t\t\t\t\t\t\t\t<img decoding=\"async\" width=\"373\" height=\"135\" src=\"https:\/\/www.hotelcalicegevaudan.com\/wp-content\/uploads\/2023\/08\/cheque-vances-connect.png\" class=\"attachment-large size-large wp-image-1167\" alt=\"\" srcset=\"https:\/\/www.hotelcalicegevaudan.com\/wp-content\/uploads\/2023\/08\/cheque-vances-connect.png 373w, https:\/\/www.hotelcalicegevaudan.com\/wp-content\/uploads\/2023\/08\/cheque-vances-connect-300x109.png 300w\" sizes=\"(max-width: 373px) 100vw, 373px\" \/>\t\t\t\t\t\t\t\t\t\t\t<figcaption class=\"widget-image-caption wp-caption-text\">We accept Ch\u00e8ques-Vacances Connect.<\/figcaption>\n\t\t\t\t\t\t\t\t\t\t<\/figure>\n\t\t\t\t\t\t\t\t\t<\/div>\n\t\t\t\t<\/div>\n\t\t\t\t\t<\/div>\n\t\t<\/div>\n\t\t\t\t<div class=\"elementor-column elementor-col-50 elementor-top-column elementor-element elementor-element-f3e63f0\" data-id=\"f3e63f0\" data-element_type=\"column\">\n\t\t\t<div class=\"elementor-widget-wrap\">\n\t\t\t\t\t\t\t<\/div>\n\t\t<\/div>\n\t\t\t\t\t<\/div>\n\t\t<\/section>\n\t\t\t\t<\/div>","protected":false},"excerpt":{"rendered":"<p>Contact et acc\u00e8s H\u00f4tel Restaurant Le Calice du G\u00e9vaudan**2 Mont\u00e9e de Pissa L\u00e8bre &#8211; 48500 Banassac- Canilhac&nbsp;T\u00e9l : +33 (0)4 66 32 94 18 Sortie 40 de l\u2019A75&nbsp; |&nbsp; Coordonn\u00e9es GPS : 44.438499,3.196996 Nous contacter Pour toutes demandes d\u2019informations compl\u00e9mentaires,\u00a0 nous vous invitons \u00e0 nous envoyer un email via le formulaire de contact ou \u00e0 [&hellip;]<\/p>","protected":false},"author":2,"featured_media":0,"parent":0,"menu_order":0,"comment_status":"closed","ping_status":"closed","template":"","meta":{"footnotes":""},"class_list":["post-237","page","type-page","status-publish","hentry"],"yoast_head":"<!-- This site is optimized with the Yoast SEO plugin v26.7 - https:\/\/yoast.com\/wordpress\/plugins\/seo\/ -->\n<title>Contactez l&#039;H\u00f4tel*** Restaurant Le Calice du G\u00e9vaudan<\/title>\n<meta name=\"description\" content=\"Pour toutes demandes d\u2019informations compl\u00e9mentaires, nous vous invitons \u00e0 nous envoyer un mail via le formulaire de contact ou \u00e0 nous contacter par t\u00e9l\u00e9phone.\" \/>\n<meta name=\"robots\" content=\"index, follow, max-snippet:-1, max-image-preview:large, max-video-preview:-1\" \/>\n<link rel=\"canonical\" href=\"https:\/\/www.hotelcalicegevaudan.com\/en\/contact-us-2\/\" \/>\n<meta property=\"og:locale\" content=\"en_GB\" \/>\n<meta property=\"og:type\" content=\"article\" \/>\n<meta property=\"og:title\" content=\"Contactez l&#039;H\u00f4tel*** Restaurant Le Calice du G\u00e9vaudan\" \/>\n<meta property=\"og:description\" content=\"Pour toutes demandes d\u2019informations compl\u00e9mentaires, nous vous invitons \u00e0 nous envoyer un mail via le formulaire de contact ou \u00e0 nous contacter par t\u00e9l\u00e9phone.\" \/>\n<meta property=\"og:url\" content=\"https:\/\/www.hotelcalicegevaudan.com\/en\/contact-us-2\/\" \/>\n<meta property=\"og:site_name\" content=\"Hotel Calice du G\u00e9vaudan\" \/>\n<meta property=\"article:modified_time\" content=\"2023-09-13T09:06:09+00:00\" \/>\n<meta property=\"og:image\" content=\"https:\/\/www.hotelcalicegevaudan.com\/wp-content\/uploads\/2020\/07\/calicevueaerienne-768x252.jpg\" \/>\n<meta name=\"twitter:card\" content=\"summary_large_image\" \/>\n<meta name=\"twitter:label1\" content=\"Estimated reading time\" \/>\n\t<meta name=\"twitter:data1\" content=\"1 minute\" \/>\n<script type=\"application\/ld+json\" class=\"yoast-schema-graph\">{\"@context\":\"https:\/\/schema.org\",\"@graph\":[{\"@type\":\"WebPage\",\"@id\":\"https:\/\/www.hotelcalicegevaudan.com\/contactez-nous\/\",\"url\":\"https:\/\/www.hotelcalicegevaudan.com\/contactez-nous\/\",\"name\":\"Contactez l'H\u00f4tel*** Restaurant Le Calice du G\u00e9vaudan\",\"isPartOf\":{\"@id\":\"https:\/\/www.hotelcalicegevaudan.com\/#website\"},\"primaryImageOfPage\":{\"@id\":\"https:\/\/www.hotelcalicegevaudan.com\/contactez-nous\/#primaryimage\"},\"image\":{\"@id\":\"https:\/\/www.hotelcalicegevaudan.com\/contactez-nous\/#primaryimage\"},\"thumbnailUrl\":\"https:\/\/www.hotelcalicegevaudan.com\/wp-content\/uploads\/2020\/07\/calicevueaerienne-768x252.jpg\",\"datePublished\":\"2020-02-11T14:03:04+00:00\",\"dateModified\":\"2023-09-13T09:06:09+00:00\",\"description\":\"Pour toutes demandes d\u2019informations compl\u00e9mentaires, nous vous invitons \u00e0 nous envoyer un mail via le formulaire de contact ou \u00e0 nous contacter par t\u00e9l\u00e9phone.\",\"breadcrumb\":{\"@id\":\"https:\/\/www.hotelcalicegevaudan.com\/contactez-nous\/#breadcrumb\"},\"inLanguage\":\"en-GB\",\"potentialAction\":[{\"@type\":\"ReadAction\",\"target\":[\"https:\/\/www.hotelcalicegevaudan.com\/contactez-nous\/\"]}]},{\"@type\":\"ImageObject\",\"inLanguage\":\"en-GB\",\"@id\":\"https:\/\/www.hotelcalicegevaudan.com\/contactez-nous\/#primaryimage\",\"url\":\"https:\/\/www.hotelcalicegevaudan.com\/wp-content\/uploads\/2020\/07\/calicevueaerienne-768x252.jpg\",\"contentUrl\":\"https:\/\/www.hotelcalicegevaudan.com\/wp-content\/uploads\/2020\/07\/calicevueaerienne-768x252.jpg\"},{\"@type\":\"BreadcrumbList\",\"@id\":\"https:\/\/www.hotelcalicegevaudan.com\/contactez-nous\/#breadcrumb\",\"itemListElement\":[{\"@type\":\"ListItem\",\"position\":1,\"name\":\"Home\",\"item\":\"https:\/\/www.hotelcalicegevaudan.com\/\"},{\"@type\":\"ListItem\",\"position\":2,\"name\":\"Contact et acc\u00e8s\"}]},{\"@type\":\"WebSite\",\"@id\":\"https:\/\/www.hotelcalicegevaudan.com\/#website\",\"url\":\"https:\/\/www.hotelcalicegevaudan.com\/\",\"name\":\"Hotel Calice du G\u00e9vaudan\",\"description\":\"\",\"publisher\":{\"@id\":\"https:\/\/www.hotelcalicegevaudan.com\/#organization\"},\"potentialAction\":[{\"@type\":\"SearchAction\",\"target\":{\"@type\":\"EntryPoint\",\"urlTemplate\":\"https:\/\/www.hotelcalicegevaudan.com\/?s={search_term_string}\"},\"query-input\":{\"@type\":\"PropertyValueSpecification\",\"valueRequired\":true,\"valueName\":\"search_term_string\"}}],\"inLanguage\":\"en-GB\"},{\"@type\":\"Organization\",\"@id\":\"https:\/\/www.hotelcalicegevaudan.com\/#organization\",\"name\":\"Hotel Calice du G\u00e9vaudan\",\"url\":\"https:\/\/www.hotelcalicegevaudan.com\/\",\"logo\":{\"@type\":\"ImageObject\",\"inLanguage\":\"en-GB\",\"@id\":\"https:\/\/www.hotelcalicegevaudan.com\/#\/schema\/logo\/image\/\",\"url\":\"https:\/\/www.hotelcalicegevaudan.com\/wp-content\/uploads\/2020\/07\/cropped-logo-calice.png\",\"contentUrl\":\"https:\/\/www.hotelcalicegevaudan.com\/wp-content\/uploads\/2020\/07\/cropped-logo-calice.png\",\"width\":235,\"height\":235,\"caption\":\"Hotel Calice du G\u00e9vaudan\"},\"image\":{\"@id\":\"https:\/\/www.hotelcalicegevaudan.com\/#\/schema\/logo\/image\/\"}}]}<\/script>\n<!-- \/ Yoast SEO plugin. -->","yoast_head_json":{"title":"Contact Hotel*** Restaurant Le Calice du G\u00e9vaudan","description":"For any requests for additional information, we invite you to send us an email via the contact form or to contact us by telephone.","robots":{"index":"index","follow":"follow","max-snippet":"max-snippet:-1","max-image-preview":"max-image-preview:large","max-video-preview":"max-video-preview:-1"},"canonical":"https:\/\/www.hotelcalicegevaudan.com\/en\/contact-us-2\/","og_locale":"en_GB","og_type":"article","og_title":"Contactez l'H\u00f4tel*** Restaurant Le Calice du G\u00e9vaudan","og_description":"Pour toutes demandes d\u2019informations compl\u00e9mentaires, nous vous invitons \u00e0 nous envoyer un mail via le formulaire de contact ou \u00e0 nous contacter par t\u00e9l\u00e9phone.","og_url":"https:\/\/www.hotelcalicegevaudan.com\/en\/contact-us-2\/","og_site_name":"Hotel Calice du G\u00e9vaudan","article_modified_time":"2023-09-13T09:06:09+00:00","og_image":[{"url":"https:\/\/www.hotelcalicegevaudan.com\/wp-content\/uploads\/2020\/07\/calicevueaerienne-768x252.jpg","type":"","width":"","height":""}],"twitter_card":"summary_large_image","twitter_misc":{"Estimated reading time":"1 minute"},"schema":{"@context":"https:\/\/schema.org","@graph":[{"@type":"WebPage","@id":"https:\/\/www.hotelcalicegevaudan.com\/contactez-nous\/","url":"https:\/\/www.hotelcalicegevaudan.com\/contactez-nous\/","name":"Contact Hotel*** Restaurant Le Calice du G\u00e9vaudan","isPartOf":{"@id":"https:\/\/www.hotelcalicegevaudan.com\/#website"},"primaryImageOfPage":{"@id":"https:\/\/www.hotelcalicegevaudan.com\/contactez-nous\/#primaryimage"},"image":{"@id":"https:\/\/www.hotelcalicegevaudan.com\/contactez-nous\/#primaryimage"},"thumbnailUrl":"https:\/\/www.hotelcalicegevaudan.com\/wp-content\/uploads\/2020\/07\/calicevueaerienne-768x252.jpg","datePublished":"2020-02-11T14:03:04+00:00","dateModified":"2023-09-13T09:06:09+00:00","description":"For any requests for additional information, we invite you to send us an email via the contact form or to contact us by telephone.","breadcrumb":{"@id":"https:\/\/www.hotelcalicegevaudan.com\/contactez-nous\/#breadcrumb"},"inLanguage":"en-GB","potentialAction":[{"@type":"ReadAction","target":["https:\/\/www.hotelcalicegevaudan.com\/contactez-nous\/"]}]},{"@type":"ImageObject","inLanguage":"en-GB","@id":"https:\/\/www.hotelcalicegevaudan.com\/contactez-nous\/#primaryimage","url":"https:\/\/www.hotelcalicegevaudan.com\/wp-content\/uploads\/2020\/07\/calicevueaerienne-768x252.jpg","contentUrl":"https:\/\/www.hotelcalicegevaudan.com\/wp-content\/uploads\/2020\/07\/calicevueaerienne-768x252.jpg"},{"@type":"BreadcrumbList","@id":"https:\/\/www.hotelcalicegevaudan.com\/contactez-nous\/#breadcrumb","itemListElement":[{"@type":"ListItem","position":1,"name":"Home","item":"https:\/\/www.hotelcalicegevaudan.com\/"},{"@type":"ListItem","position":2,"name":"Contact et acc\u00e8s"}]},{"@type":"WebSite","@id":"https:\/\/www.hotelcalicegevaudan.com\/#website","url":"https:\/\/www.hotelcalicegevaudan.com\/","name":"Hotel Calice du G\u00e9vaudan","description":"","publisher":{"@id":"https:\/\/www.hotelcalicegevaudan.com\/#organization"},"potentialAction":[{"@type":"SearchAction","target":{"@type":"EntryPoint","urlTemplate":"https:\/\/www.hotelcalicegevaudan.com\/?s={search_term_string}"},"query-input":{"@type":"PropertyValueSpecification","valueRequired":true,"valueName":"search_term_string"}}],"inLanguage":"en-GB"},{"@type":"Organization","@id":"https:\/\/www.hotelcalicegevaudan.com\/#organization","name":"Hotel Calice du G\u00e9vaudan","url":"https:\/\/www.hotelcalicegevaudan.com\/","logo":{"@type":"ImageObject","inLanguage":"en-GB","@id":"https:\/\/www.hotelcalicegevaudan.com\/#\/schema\/logo\/image\/","url":"https:\/\/www.hotelcalicegevaudan.com\/wp-content\/uploads\/2020\/07\/cropped-logo-calice.png","contentUrl":"https:\/\/www.hotelcalicegevaudan.com\/wp-content\/uploads\/2020\/07\/cropped-logo-calice.png","width":235,"height":235,"caption":"Hotel Calice du G\u00e9vaudan"},"image":{"@id":"https:\/\/www.hotelcalicegevaudan.com\/#\/schema\/logo\/image\/"}}]}},"_links":{"self":[{"href":"https:\/\/www.hotelcalicegevaudan.com\/en\/wp-json\/wp\/v2\/pages\/237","targetHints":{"allow":["GET"]}}],"collection":[{"href":"https:\/\/www.hotelcalicegevaudan.com\/en\/wp-json\/wp\/v2\/pages"}],"about":[{"href":"https:\/\/www.hotelcalicegevaudan.com\/en\/wp-json\/wp\/v2\/types\/page"}],"author":[{"embeddable":true,"href":"https:\/\/www.hotelcalicegevaudan.com\/en\/wp-json\/wp\/v2\/users\/2"}],"replies":[{"embeddable":true,"href":"https:\/\/www.hotelcalicegevaudan.com\/en\/wp-json\/wp\/v2\/comments?post=237"}],"version-history":[{"count":3,"href":"https:\/\/www.hotelcalicegevaudan.com\/en\/wp-json\/wp\/v2\/pages\/237\/revisions"}],"predecessor-version":[{"id":1178,"href":"https:\/\/www.hotelcalicegevaudan.com\/en\/wp-json\/wp\/v2\/pages\/237\/revisions\/1178"}],"wp:attachment":[{"href":"https:\/\/www.hotelcalicegevaudan.com\/en\/wp-json\/wp\/v2\/media?parent=237"}],"curies":[{"name":"wp","href":"https:\/\/api.w.org\/{rel}","templated":true}]}}