{"id":3,"date":"2020-01-28T11:42:36","date_gmt":"2020-01-28T10:42:36","guid":{"rendered":"https:\/\/www.hotelcalicegevaudan.com\/?page_id=3"},"modified":"2020-07-02T17:47:21","modified_gmt":"2020-07-02T15:47:21","slug":"politique-de-confidentialite","status":"publish","type":"page","link":"https:\/\/www.hotelcalicegevaudan.com\/en\/politique-de-confidentialite\/","title":{"rendered":"Privacy policy"},"content":{"rendered":"<div data-elementor-type=\"wp-page\" data-elementor-id=\"3\" class=\"elementor elementor-3\" data-elementor-post-type=\"page\">\n\t\t\t\t\t\t<section class=\"elementor-section elementor-top-section elementor-element elementor-element-50536939 elementor-section-boxed elementor-section-height-default elementor-section-height-default\" data-id=\"50536939\" data-element_type=\"section\">\n\t\t\t\t\t\t<div class=\"elementor-container elementor-column-gap-default\">\n\t\t\t\t\t<div class=\"elementor-column elementor-col-100 elementor-top-column elementor-element elementor-element-5b5c040f\" data-id=\"5b5c040f\" data-element_type=\"column\">\n\t\t\t<div class=\"elementor-widget-wrap elementor-element-populated\">\n\t\t\t\t\t\t<div class=\"elementor-element elementor-element-15cd923 elementor-widget elementor-widget-heading\" data-id=\"15cd923\" data-element_type=\"widget\" data-widget_type=\"heading.default\">\n\t\t\t\t<div class=\"elementor-widget-container\">\n\t\t\t\t\t<h1 class=\"elementor-heading-title elementor-size-default\">Privacy policy<\/h1>\t\t\t\t<\/div>\n\t\t\t\t<\/div>\n\t\t\t\t<div class=\"elementor-element elementor-element-69930137 elementor-widget elementor-widget-text-editor\" data-id=\"69930137\" data-element_type=\"widget\" data-widget_type=\"text-editor.default\">\n\t\t\t\t<div class=\"elementor-widget-container\">\n\t\t\t\t\t\t\t\t\t<p>DONN\u00c9ES PERSONNELLES<\/p>\n<p>La pr\u00e9sente politique de confidentialit\u00e9 d\u00e9finit et vous informe de la mani\u00e8re dont nous utilisons et prot\u00e9geons les informations que vous nous transmettez, le cas \u00e9ch\u00e9ant, lorsque vous utilisez le pr\u00e9sent site accessible \u00e0 partir de l\u2019URL suivante https:\/\/www.relais-aubrac.com (ci-apr\u00e8s le \u00ab Site \u00bb).<br \/>Veuillez noter que cette politique de confidentialit\u00e9 est susceptible d\u2019\u00eatre modifi\u00e9e ou compl\u00e9t\u00e9e \u00e0 tout moment par nos soins, notamment en vue de se conformer \u00e0 toute \u00e9volution l\u00e9gislative, r\u00e8glementaire, jurisprudentielle ou technologique. Dans un tel cas, la date de sa mise \u00e0 jour sera clairement identifi\u00e9e en t\u00eate de la pr\u00e9sente politique. Ces modifications engagent l\u2019internaute d\u00e8s leur mise en ligne. Il convient par cons\u00e9quent que l\u2019internaute consulte r\u00e9guli\u00e8rement la pr\u00e9sente politique de confidentialit\u00e9 et d\u2019utilisation des cookies afin de prendre connaissance de ses \u00e9ventuelles modifications.<\/p>\n<p>RESPONSABLE DU TRAITEMENT<\/p>\n<p>Lors de votre navigation sur le Site, notre soci\u00e9t\u00e9 peut \u00eatre amen\u00e9e \u00e0 collecter et \u00e0 traiter vos donn\u00e9es personnelles, conform\u00e9ment \u00e0 la loi n\u00b078-17 du 6 janvier 1978, telle que modifi\u00e9e, ainsi qu\u2019au R\u00e8glement (UE) 2016\/679 du Parlement europ\u00e9en et du Conseil du 27 avril 2016.<br \/>Informations relatives au responsable du traitement : H\u00f4tel Le Relais de l\u2019Aubrac<br \/>Coordonn\u00e9es de contact :<\/p>\n<p>H\u00f4tel Restaurant Le Calice du G\u00e9vaudan***<br \/>2 Mont\u00e9e de Pissa L\u00e8bre<br \/>48500 BANASSAC \u2013 CANILHAC<br \/>Tel: +33 (0)4 66 32 94 18<br \/>contact@hotelcalicegevaudan.com<\/p>\n<p><br \/>DONN\u00c9ES COLLECT\u00c9ES<\/p>\n<p>Notre soci\u00e9t\u00e9 recommande aux titulaires de l\u2019autorit\u00e9 parentale et aux tuteurs de contr\u00f4ler et de participer aux activit\u00e9s en ligne des personnes dont ils ont la charge ou la responsabilit\u00e9 (mineurs et majeurs prot\u00e9g\u00e9s). Le consentement au traitement des donn\u00e9es personnelles recueillies est donn\u00e9 par le tuteur, et par le titulaire de l\u2019autorit\u00e9 parentale \u00e0 l\u2019\u00e9gard du mineur dans les cas suivants :<br \/>\u2013 Lorsque le mineur est \u00e2g\u00e9 de moins de quinze ans : le consentement est donn\u00e9 conjointement par le mineur concern\u00e9 et le ou les titulaires de l\u2019autorit\u00e9 parentale \u00e0 l\u2019\u00e9gard de ce mineur ;<br \/>\u2013 Lorsque le mineur est au minimum \u00e2g\u00e9 de quinze ans : le consentement peut \u00eatre donn\u00e9 par le mineur seul.<br \/>Vous pouvez visiter le Site sans r\u00e9v\u00e9ler votre identit\u00e9 ni donner la moindre information vous concernant. N\u00e9anmoins, en cas de refus, il se peut que vous ne puissiez pas b\u00e9n\u00e9ficier de certaines informations ou services que vous avez demand\u00e9s.<br \/>Par le recours \u00e0 la rubrique \u00ab Contact \u00bb du Site, vous consentez express\u00e9ment \u00e0 la transmission de vos nom(s), pr\u00e9nom(s) et adresse e-mail, ainsi que d\u2019\u00e9ventuelles donn\u00e9es personnelles que vous pr\u00e9cisez dans le texte m\u00eame du message et de son intitul\u00e9.<br \/>Lors de la cr\u00e9ation d\u2019un compte personnel sur le Site, les donn\u00e9es suivantes seront collect\u00e9es et trait\u00e9es : nom(s), pr\u00e9nom(s), adresses e-mail et postale, ainsi que votre num\u00e9ro de t\u00e9l\u00e9phone.<br \/>Chacun des formulaires de collecte du Site pr\u00e9cise le caract\u00e8re obligatoire ou facultatif des champs \u00e0 renseigner.<br \/>En fournissant ces informations, vous acceptez express\u00e9ment qu\u2019elles soient trait\u00e9es par les destinataires identifi\u00e9s au point \u00ab responsable du traitement \u00bb, pour les finalit\u00e9s indiqu\u00e9es au point ci-dessous, ainsi qu\u2019aux fins rappel\u00e9es \u00e0 la fin de chaque formulaire.<\/p>\n<p>FINALIT\u00c9 DE LA COLLECTE<\/p>\n<p>Les donn\u00e9es personnelles que vous nous communiquez sur le Site peuvent avoir les finalit\u00e9s suivantes :<br \/>\u2013 R\u00e9pondre \u00e0 vos demandes formul\u00e9es via la rubrique \u00ab Contact \u00bb et \u00ab R\u00e9servation \u00bb du Site ;<br \/>\u2013 Permettre la gestion et l\u2019ex\u00e9cution de vos contrats: gestion de votre compte personnel, de vos commandes et factures, mise \u00e0 disposition de vos documents, et vous avertir en cas d\u2019annulation ou de report d\u2019un \u00e9v\u00e8nement.<br \/>\u2013 Mener des op\u00e9rations de prospection et de promotions de nos produits et services, pour votre participation \u00e0 des concours, sondages et tirages au sort, ainsi que des op\u00e9rations promotionnelles ;<br \/>\u2013 Recueillir des informations nous permettant d\u2019am\u00e9liorer notre Site, nos produits et services (notamment par le biais de cookies) ;<br \/>\u2013 \u00c9laborer des statistiques commerciales ;<br \/>\u2013 Valoriser et enrichir la base de donn\u00e9es de nos clients;<br \/>\u2013 Vous adresser notre newsletter ;<br \/>\u2013 R\u00e9pondre \u00e0 vos demandes d\u2019acc\u00e8s, de rectification, d\u2019effacement, de limitation, de portabilit\u00e9, d\u2019opposition et de retrait de votre consentement \u00e0 tout moment.<\/p>\n<p>DESTINATAIRES DES DONN\u00c9ES<\/p>\n<p>Les donn\u00e9es personnelles que vous nous communiquez pourront \u00eatre transmises aux services suivants, dans la limite de leur habilitation respective :<br \/>\u2013 Notre partenaire R\u00e9servit<br \/>\u2013 Notre prestataire : BM Services<br \/>\u2013 Les autorit\u00e9s comp\u00e9tentes en cas de poursuites.<br \/>A cet effet, veuillez noter que certains de nos prestataires habilit\u00e9s pour faciliter le recueil et le traitement de vos donn\u00e9es personnelles, ainsi que certains de nos partenaires peuvent \u00eatre situ\u00e9s en dehors de l\u2019Union Europ\u00e9enne et ont communication des donn\u00e9es recueillies par le biais des divers formulaires pr\u00e9sents sur le Site (\u00e0 l\u2019exception du formulaire vous permettant d\u2019exercer vos droits Informatique et Libert\u00e9s qui est propos\u00e9 sur le site).<br \/>Nous nous sommes pr\u00e9alablement assur\u00e9s de la mise en \u0153uvre par nos prestataires et partenaires de garanties ad\u00e9quates et du respect de conditions strictes en mati\u00e8re de confidentialit\u00e9, d\u2019usage et de protection des donn\u00e9es. Tout particuli\u00e8rement, la vigilance s\u2019est port\u00e9e sur l\u2019existence d\u2019un fondement l\u00e9gal pour effectuer un quelconque transfert de donn\u00e9es vers un pays tiers.<\/p>\n<p>MESURES DE S\u00c9CURIT\u00c9 ET DE CONFIDENTIALIT\u00c9<\/p>\n<p>Notre soci\u00e9t\u00e9 garantit mettre en \u0153uvre les mesures techniques et organisationnelles appropri\u00e9es afin de garantir un niveau de s\u00e9curit\u00e9 adapt\u00e9 au traitement de vos donn\u00e9es personnelles, permettant notamment de garantir la confidentialit\u00e9, l\u2019int\u00e9grit\u00e9, la disponibilit\u00e9 et la r\u00e9silience constantes des syst\u00e8mes et des services de traitement.<br \/>Le stockage des ressources n\u00e9cessaires \u00e0 la mise \u00e0 disposition du Site au public, ainsi que celui des donn\u00e9es des internautes, est assur\u00e9 soit par l\u2019un de nos prestataires (l\u2019h\u00e9bergeur), soit directement par notre soci\u00e9t\u00e9, tous deux situ\u00e9s en France. L\u2019h\u00e9bergeur est li\u00e9 \u00e0 notre soci\u00e9t\u00e9 par un accord sp\u00e9cifique relatif \u00e0 la confidentialit\u00e9 des donn\u00e9es qu\u2019il stocke et il est tenu de respecter l\u2019ensemble des principes \u00e9nonc\u00e9s dans les mentions l\u00e9gales.<br \/>Les donn\u00e9es personnelles sont stock\u00e9es sur des serveurs situ\u00e9s en France, avec toutes les mesures raisonnables de s\u00e9curit\u00e9 en l\u2019\u00e9tat actuel des pratiques. Les transmissions de donn\u00e9es personnelles entre les diff\u00e9rents syst\u00e8mes d\u2019information de notre plate-forme digitale de s\u2019effectuent gr\u00e2ce \u00e0 une technologie d\u2019encryptage SSL.<\/p>\n<p>DUR\u00c9E DE CONSERVATION<\/p>\n<p>La conservation des donn\u00e9es fournies par l\u2019internaute est limit\u00e9e \u00e0 la dur\u00e9e n\u00e9cessaire aux finalit\u00e9s pour lesquelles ces donn\u00e9es sont collect\u00e9es et trait\u00e9es, conform\u00e9ment au R\u00e8glement (UE) 2016\/679 du Parlement europ\u00e9en et du Conseil du 27 avril 2016 et \u00e0 la Loi \u00ab Informatique et Libert\u00e9s \u00bb n\u00b078-17 du 6 janvier 1978.<br \/>Ces donn\u00e9es sont n\u00e9anmoins susceptibles d\u2019\u00eatre conserv\u00e9es aux fins d\u2019archivage dans les conditions pr\u00e9vues par les lois et r\u00e8glements applicables.<\/p>\n<p>VOS DROITS<\/p>\n<p>Conform\u00e9ment aux textes susmentionn\u00e9s, vous disposez des droits suivants relativement aux donn\u00e9es personnelles vous concernant : droit d\u2019acc\u00e8s, de rectification, d\u2019effacement, de limitation, de portabilit\u00e9, d\u2019opposition, ainsi que du droit de retirer votre consentement donn\u00e9 \u00e0 tout moment sans porter atteinte \u00e0 la lic\u00e9it\u00e9 du traitement fond\u00e9 sur votre consentement effectu\u00e9 avant ce retrait, en nous contactant :<br \/>Par e-mail : contact@hotelcalicegevaudan.com<br \/>Par courrier postal : Le Calice du G\u00e9vaudan 2 Mont\u00e9e de Pissa L\u00e8bre 48500 BANASSAC \u2013 CANILHAC<\/p>\n<p><br \/>A cet \u00e9gard, notre soci\u00e9t\u00e9 vous informe qu\u2019elle sera en droit, le cas \u00e9ch\u00e9ant, de s\u2019opposer aux demandes manifestement abusives (de par leur nombre, leur caract\u00e8re r\u00e9p\u00e9titif ou syst\u00e9matique).<\/p>\n<p>Si vous consid\u00e9rez que notre soci\u00e9t\u00e9 ne respecte pas ses obligations au regard de donn\u00e9es personnelles vous concernant, vous pouvez \u00e9galement introduire une r\u00e9clamation aupr\u00e8s de la CNIL.<\/p>\t\t\t\t\t\t\t\t<\/div>\n\t\t\t\t<\/div>\n\t\t\t\t\t<\/div>\n\t\t<\/div>\n\t\t\t\t\t<\/div>\n\t\t<\/section>\n\t\t\t\t<\/div>","protected":false},"excerpt":{"rendered":"<p>DONN\u00c9ES PERSONNELLES La pr\u00e9sente politique de confidentialit\u00e9 d\u00e9finit et vous informe de la mani\u00e8re dont nous utilisons et prot\u00e9geons les informations que vous nous transmettez, le cas \u00e9ch\u00e9ant, lorsque vous utilisez le pr\u00e9sent site accessible \u00e0 partir de l\u2019URL suivante https:\/\/www.relais-aubrac.com (ci-apr\u00e8s le \u00ab Site \u00bb).Veuillez noter que cette politique de confidentialit\u00e9 est susceptible d\u2019\u00eatre [&hellip;]<\/p>","protected":false},"author":2,"featured_media":0,"parent":0,"menu_order":0,"comment_status":"closed","ping_status":"closed","template":"","meta":{"footnotes":""},"class_list":["post-3","page","type-page","status-publish","hentry"],"yoast_head":"<!-- This site is optimized with the Yoast SEO plugin v26.7 - https:\/\/yoast.com\/wordpress\/plugins\/seo\/ -->\n<title>Politique de confidentialit\u00e9 - Hotel Calice du G\u00e9vaudan<\/title>\n<meta name=\"robots\" content=\"index, follow, max-snippet:-1, max-image-preview:large, max-video-preview:-1\" \/>\n<link rel=\"canonical\" href=\"https:\/\/www.hotelcalicegevaudan.com\/en\/politique-de-confidentialite\/\" \/>\n<meta property=\"og:locale\" content=\"en_GB\" \/>\n<meta property=\"og:type\" content=\"article\" \/>\n<meta property=\"og:title\" content=\"Politique de confidentialit\u00e9 - Hotel Calice du G\u00e9vaudan\" \/>\n<meta property=\"og:description\" content=\"DONN\u00c9ES PERSONNELLES La pr\u00e9sente politique de confidentialit\u00e9 d\u00e9finit et vous informe de la mani\u00e8re dont nous utilisons et prot\u00e9geons les informations que vous nous transmettez, le cas \u00e9ch\u00e9ant, lorsque vous utilisez le pr\u00e9sent site accessible \u00e0 partir de l\u2019URL suivante https:\/\/www.relais-aubrac.com (ci-apr\u00e8s le \u00ab Site \u00bb).Veuillez noter que cette politique de confidentialit\u00e9 est susceptible d\u2019\u00eatre [&hellip;]\" \/>\n<meta property=\"og:url\" content=\"https:\/\/www.hotelcalicegevaudan.com\/en\/politique-de-confidentialite\/\" \/>\n<meta property=\"og:site_name\" content=\"Hotel Calice du G\u00e9vaudan\" \/>\n<meta property=\"article:modified_time\" content=\"2020-07-02T15:47:21+00:00\" \/>\n<meta name=\"twitter:card\" content=\"summary_large_image\" \/>\n<meta name=\"twitter:label1\" content=\"Estimated reading time\" \/>\n\t<meta name=\"twitter:data1\" content=\"7 minutes\" \/>\n<script type=\"application\/ld+json\" class=\"yoast-schema-graph\">{\"@context\":\"https:\/\/schema.org\",\"@graph\":[{\"@type\":\"WebPage\",\"@id\":\"https:\/\/www.hotelcalicegevaudan.com\/politique-de-confidentialite\/\",\"url\":\"https:\/\/www.hotelcalicegevaudan.com\/politique-de-confidentialite\/\",\"name\":\"Politique de confidentialit\u00e9 - Hotel Calice du G\u00e9vaudan\",\"isPartOf\":{\"@id\":\"https:\/\/www.hotelcalicegevaudan.com\/#website\"},\"datePublished\":\"2020-01-28T10:42:36+00:00\",\"dateModified\":\"2020-07-02T15:47:21+00:00\",\"breadcrumb\":{\"@id\":\"https:\/\/www.hotelcalicegevaudan.com\/politique-de-confidentialite\/#breadcrumb\"},\"inLanguage\":\"en-GB\",\"potentialAction\":[{\"@type\":\"ReadAction\",\"target\":[\"https:\/\/www.hotelcalicegevaudan.com\/politique-de-confidentialite\/\"]}]},{\"@type\":\"BreadcrumbList\",\"@id\":\"https:\/\/www.hotelcalicegevaudan.com\/politique-de-confidentialite\/#breadcrumb\",\"itemListElement\":[{\"@type\":\"ListItem\",\"position\":1,\"name\":\"Home\",\"item\":\"https:\/\/www.hotelcalicegevaudan.com\/\"},{\"@type\":\"ListItem\",\"position\":2,\"name\":\"Politique de confide&hellip;\"}]},{\"@type\":\"WebSite\",\"@id\":\"https:\/\/www.hotelcalicegevaudan.com\/#website\",\"url\":\"https:\/\/www.hotelcalicegevaudan.com\/\",\"name\":\"Hotel Calice du G\u00e9vaudan\",\"description\":\"\",\"publisher\":{\"@id\":\"https:\/\/www.hotelcalicegevaudan.com\/#organization\"},\"potentialAction\":[{\"@type\":\"SearchAction\",\"target\":{\"@type\":\"EntryPoint\",\"urlTemplate\":\"https:\/\/www.hotelcalicegevaudan.com\/?s={search_term_string}\"},\"query-input\":{\"@type\":\"PropertyValueSpecification\",\"valueRequired\":true,\"valueName\":\"search_term_string\"}}],\"inLanguage\":\"en-GB\"},{\"@type\":\"Organization\",\"@id\":\"https:\/\/www.hotelcalicegevaudan.com\/#organization\",\"name\":\"Hotel Calice du G\u00e9vaudan\",\"url\":\"https:\/\/www.hotelcalicegevaudan.com\/\",\"logo\":{\"@type\":\"ImageObject\",\"inLanguage\":\"en-GB\",\"@id\":\"https:\/\/www.hotelcalicegevaudan.com\/#\/schema\/logo\/image\/\",\"url\":\"https:\/\/www.hotelcalicegevaudan.com\/wp-content\/uploads\/2020\/07\/cropped-logo-calice.png\",\"contentUrl\":\"https:\/\/www.hotelcalicegevaudan.com\/wp-content\/uploads\/2020\/07\/cropped-logo-calice.png\",\"width\":235,\"height\":235,\"caption\":\"Hotel Calice du G\u00e9vaudan\"},\"image\":{\"@id\":\"https:\/\/www.hotelcalicegevaudan.com\/#\/schema\/logo\/image\/\"}}]}<\/script>\n<!-- \/ Yoast SEO plugin. -->","yoast_head_json":{"title":"Politique de confidentialit\u00e9 - Hotel Calice du G\u00e9vaudan","robots":{"index":"index","follow":"follow","max-snippet":"max-snippet:-1","max-image-preview":"max-image-preview:large","max-video-preview":"max-video-preview:-1"},"canonical":"https:\/\/www.hotelcalicegevaudan.com\/en\/politique-de-confidentialite\/","og_locale":"en_GB","og_type":"article","og_title":"Politique de confidentialit\u00e9 - Hotel Calice du G\u00e9vaudan","og_description":"DONN\u00c9ES PERSONNELLES La pr\u00e9sente politique de confidentialit\u00e9 d\u00e9finit et vous informe de la mani\u00e8re dont nous utilisons et prot\u00e9geons les informations que vous nous transmettez, le cas \u00e9ch\u00e9ant, lorsque vous utilisez le pr\u00e9sent site accessible \u00e0 partir de l\u2019URL suivante https:\/\/www.relais-aubrac.com (ci-apr\u00e8s le \u00ab Site \u00bb).Veuillez noter que cette politique de confidentialit\u00e9 est susceptible d\u2019\u00eatre [&hellip;]","og_url":"https:\/\/www.hotelcalicegevaudan.com\/en\/politique-de-confidentialite\/","og_site_name":"Hotel Calice du G\u00e9vaudan","article_modified_time":"2020-07-02T15:47:21+00:00","twitter_card":"summary_large_image","twitter_misc":{"Estimated reading time":"7 minutes"},"schema":{"@context":"https:\/\/schema.org","@graph":[{"@type":"WebPage","@id":"https:\/\/www.hotelcalicegevaudan.com\/politique-de-confidentialite\/","url":"https:\/\/www.hotelcalicegevaudan.com\/politique-de-confidentialite\/","name":"Politique de confidentialit\u00e9 - Hotel Calice du G\u00e9vaudan","isPartOf":{"@id":"https:\/\/www.hotelcalicegevaudan.com\/#website"},"datePublished":"2020-01-28T10:42:36+00:00","dateModified":"2020-07-02T15:47:21+00:00","breadcrumb":{"@id":"https:\/\/www.hotelcalicegevaudan.com\/politique-de-confidentialite\/#breadcrumb"},"inLanguage":"en-GB","potentialAction":[{"@type":"ReadAction","target":["https:\/\/www.hotelcalicegevaudan.com\/politique-de-confidentialite\/"]}]},{"@type":"BreadcrumbList","@id":"https:\/\/www.hotelcalicegevaudan.com\/politique-de-confidentialite\/#breadcrumb","itemListElement":[{"@type":"ListItem","position":1,"name":"Home","item":"https:\/\/www.hotelcalicegevaudan.com\/"},{"@type":"ListItem","position":2,"name":"Politique de confide&hellip;"}]},{"@type":"WebSite","@id":"https:\/\/www.hotelcalicegevaudan.com\/#website","url":"https:\/\/www.hotelcalicegevaudan.com\/","name":"Hotel Calice du G\u00e9vaudan","description":"","publisher":{"@id":"https:\/\/www.hotelcalicegevaudan.com\/#organization"},"potentialAction":[{"@type":"SearchAction","target":{"@type":"EntryPoint","urlTemplate":"https:\/\/www.hotelcalicegevaudan.com\/?s={search_term_string}"},"query-input":{"@type":"PropertyValueSpecification","valueRequired":true,"valueName":"search_term_string"}}],"inLanguage":"en-GB"},{"@type":"Organization","@id":"https:\/\/www.hotelcalicegevaudan.com\/#organization","name":"Hotel Calice du G\u00e9vaudan","url":"https:\/\/www.hotelcalicegevaudan.com\/","logo":{"@type":"ImageObject","inLanguage":"en-GB","@id":"https:\/\/www.hotelcalicegevaudan.com\/#\/schema\/logo\/image\/","url":"https:\/\/www.hotelcalicegevaudan.com\/wp-content\/uploads\/2020\/07\/cropped-logo-calice.png","contentUrl":"https:\/\/www.hotelcalicegevaudan.com\/wp-content\/uploads\/2020\/07\/cropped-logo-calice.png","width":235,"height":235,"caption":"Hotel Calice du G\u00e9vaudan"},"image":{"@id":"https:\/\/www.hotelcalicegevaudan.com\/#\/schema\/logo\/image\/"}}]}},"_links":{"self":[{"href":"https:\/\/www.hotelcalicegevaudan.com\/en\/wp-json\/wp\/v2\/pages\/3","targetHints":{"allow":["GET"]}}],"collection":[{"href":"https:\/\/www.hotelcalicegevaudan.com\/en\/wp-json\/wp\/v2\/pages"}],"about":[{"href":"https:\/\/www.hotelcalicegevaudan.com\/en\/wp-json\/wp\/v2\/types\/page"}],"author":[{"embeddable":true,"href":"https:\/\/www.hotelcalicegevaudan.com\/en\/wp-json\/wp\/v2\/users\/2"}],"replies":[{"embeddable":true,"href":"https:\/\/www.hotelcalicegevaudan.com\/en\/wp-json\/wp\/v2\/comments?post=3"}],"version-history":[{"count":3,"href":"https:\/\/www.hotelcalicegevaudan.com\/en\/wp-json\/wp\/v2\/pages\/3\/revisions"}],"predecessor-version":[{"id":751,"href":"https:\/\/www.hotelcalicegevaudan.com\/en\/wp-json\/wp\/v2\/pages\/3\/revisions\/751"}],"wp:attachment":[{"href":"https:\/\/www.hotelcalicegevaudan.com\/en\/wp-json\/wp\/v2\/media?parent=3"}],"curies":[{"name":"wp","href":"https:\/\/api.w.org\/{rel}","templated":true}]}}