{"id":234,"date":"2020-02-11T15:01:15","date_gmt":"2020-02-11T14:01:15","guid":{"rendered":"https:\/\/www.hotelcalicegevaudan.com\/?page_id=234"},"modified":"2025-10-25T13:54:48","modified_gmt":"2025-10-25T11:54:48","slug":"evento-de-empresa","status":"publish","type":"page","link":"https:\/\/www.hotelcalicegevaudan.com\/es\/evento-de-empresa\/","title":{"rendered":"Eventos de empresa"},"content":{"rendered":"<div data-elementor-type=\"wp-page\" data-elementor-id=\"234\" class=\"elementor elementor-234\" data-elementor-post-type=\"page\">\n\t\t\t\t\t\t<section class=\"elementor-section elementor-top-section elementor-element elementor-element-130f6a4e elementor-section-boxed elementor-section-height-default elementor-section-height-default\" data-id=\"130f6a4e\" data-element_type=\"section\">\n\t\t\t\t\t\t<div class=\"elementor-container elementor-column-gap-default\">\n\t\t\t\t\t<div class=\"elementor-column elementor-col-100 elementor-top-column elementor-element elementor-element-311c12b7\" data-id=\"311c12b7\" data-element_type=\"column\">\n\t\t\t<div class=\"elementor-widget-wrap elementor-element-populated\">\n\t\t\t\t\t\t<div class=\"elementor-element elementor-element-4482c9ee elementor-widget elementor-widget-spacer\" data-id=\"4482c9ee\" data-element_type=\"widget\" data-widget_type=\"spacer.default\">\n\t\t\t\t<div class=\"elementor-widget-container\">\n\t\t\t\t\t\t\t<div class=\"elementor-spacer\">\n\t\t\t<div class=\"elementor-spacer-inner\"><\/div>\n\t\t<\/div>\n\t\t\t\t\t\t<\/div>\n\t\t\t\t<\/div>\n\t\t\t\t\t<\/div>\n\t\t<\/div>\n\t\t\t\t\t<\/div>\n\t\t<\/section>\n\t\t\t\t<section class=\"elementor-section elementor-top-section elementor-element elementor-element-6db12e81 elementor-section-boxed elementor-section-height-default elementor-section-height-default\" data-id=\"6db12e81\" data-element_type=\"section\">\n\t\t\t\t\t\t<div class=\"elementor-container elementor-column-gap-default\">\n\t\t\t\t\t<div class=\"elementor-column elementor-col-100 elementor-top-column elementor-element elementor-element-568d348b\" data-id=\"568d348b\" data-element_type=\"column\" data-settings=\"{&quot;background_background&quot;:&quot;classic&quot;}\">\n\t\t\t<div class=\"elementor-widget-wrap elementor-element-populated\">\n\t\t\t\t\t\t<div class=\"elementor-element elementor-element-3bfc48d2 elementor-widget elementor-widget-heading\" data-id=\"3bfc48d2\" data-element_type=\"widget\" data-widget_type=\"heading.default\">\n\t\t\t\t<div class=\"elementor-widget-container\">\n\t\t\t\t\t<h1 class=\"elementor-heading-title elementor-size-default\">Eventos de empresa<\/h1>\t\t\t\t<\/div>\n\t\t\t\t<\/div>\n\t\t\t\t\t<\/div>\n\t\t<\/div>\n\t\t\t\t\t<\/div>\n\t\t<\/section>\n\t\t\t\t<section class=\"elementor-section elementor-top-section elementor-element elementor-element-9de9ae8 elementor-section-boxed elementor-section-height-default elementor-section-height-default\" data-id=\"9de9ae8\" data-element_type=\"section\">\n\t\t\t\t\t\t<div class=\"elementor-container elementor-column-gap-default\">\n\t\t\t\t\t<div class=\"elementor-column elementor-col-100 elementor-top-column elementor-element elementor-element-cd14817\" data-id=\"cd14817\" data-element_type=\"column\">\n\t\t\t<div class=\"elementor-widget-wrap elementor-element-populated\">\n\t\t\t\t\t\t<div class=\"elementor-element elementor-element-6dc3fb1 elementor-widget elementor-widget-heading\" data-id=\"6dc3fb1\" data-element_type=\"widget\" data-widget_type=\"heading.default\">\n\t\t\t\t<div class=\"elementor-widget-container\">\n\t\t\t\t\t<h2 class=\"elementor-heading-title elementor-size-default\">Un espacio reservado para profesionales<\/h2>\t\t\t\t<\/div>\n\t\t\t\t<\/div>\n\t\t\t\t\t<\/div>\n\t\t<\/div>\n\t\t\t\t\t<\/div>\n\t\t<\/section>\n\t\t\t\t<section class=\"elementor-section elementor-top-section elementor-element elementor-element-67fffbf elementor-section-boxed elementor-section-height-default elementor-section-height-default\" data-id=\"67fffbf\" data-element_type=\"section\">\n\t\t\t\t\t\t<div class=\"elementor-container elementor-column-gap-default\">\n\t\t\t\t\t<div class=\"elementor-column elementor-col-50 elementor-top-column elementor-element elementor-element-a22f180\" data-id=\"a22f180\" data-element_type=\"column\">\n\t\t\t<div class=\"elementor-widget-wrap elementor-element-populated\">\n\t\t\t\t\t\t<div class=\"elementor-element elementor-element-6171ab5d elementor-widget elementor-widget-text-editor\" data-id=\"6171ab5d\" data-element_type=\"widget\" data-widget_type=\"text-editor.default\">\n\t\t\t\t<div class=\"elementor-widget-container\">\n\t\t\t\t\t\t\t\t\t<p><strong>\u00a1Organice sus reuniones profesionales, sus seminarios y sus eventos de empresa en Loz\u00e8re en Banassac!<\/strong><\/p><p>Nuestro establecimiento le ofrece una sala de reuniones, sala de formaci\u00f3n o sala de conferencias.<br \/>Esta sala de reuniones est\u00e1 equipada con un proyector de v\u00eddeo que le permite difundir sus presentaciones o realizar videoconferencias.<\/p><p>Proponemos la organizaci\u00f3n de seminarios y de veladas etapa para nuestra clientela de negocios.<\/p><p>Capacidad de la sala de reuniones:\u00a0<strong>30 personas.<\/strong><\/p>\t\t\t\t\t\t\t\t<\/div>\n\t\t\t\t<\/div>\n\t\t\t\t<div class=\"elementor-element elementor-element-f5d30ba elementor-align-left elementor-widget elementor-widget-button\" data-id=\"f5d30ba\" data-element_type=\"widget\" data-widget_type=\"button.default\">\n\t\t\t\t<div class=\"elementor-widget-container\">\n\t\t\t\t\t\t\t\t\t<div class=\"elementor-button-wrapper\">\n\t\t\t\t\t<a class=\"elementor-button elementor-button-link elementor-size-sm\" href=\"https:\/\/www.hotelcalicegevaudan.com\/wp-content\/uploads\/2025\/10\/Offres-seminaires-2025-2026-1.pdf\" target=\"_blank\">\n\t\t\t\t\t\t<span class=\"elementor-button-content-wrapper\">\n\t\t\t\t\t\t<span class=\"elementor-button-icon\">\n\t\t\t\t<i aria-hidden=\"true\" class=\"fas fa-highlighter\"><\/i>\t\t\t<\/span>\n\t\t\t\t\t\t\t\t\t<span class=\"elementor-button-text\">Nuestra oferta para sus seminarios<\/span>\n\t\t\t\t\t<\/span>\n\t\t\t\t\t<\/a>\n\t\t\t\t<\/div>\n\t\t\t\t\t\t\t\t<\/div>\n\t\t\t\t<\/div>\n\t\t\t\t\t<\/div>\n\t\t<\/div>\n\t\t\t\t<div class=\"elementor-column elementor-col-50 elementor-top-column elementor-element elementor-element-34c7d00\" data-id=\"34c7d00\" data-element_type=\"column\">\n\t\t\t<div class=\"elementor-widget-wrap elementor-element-populated\">\n\t\t\t\t\t\t<div class=\"elementor-element elementor-element-858b389 elementor-widget elementor-widget-image\" data-id=\"858b389\" data-element_type=\"widget\" data-widget_type=\"image.default\">\n\t\t\t\t<div class=\"elementor-widget-container\">\n\t\t\t\t\t\t\t\t\t\t\t\t\t\t\t<img fetchpriority=\"high\" decoding=\"async\" width=\"800\" height=\"522\" src=\"https:\/\/www.hotelcalicegevaudan.com\/wp-content\/uploads\/2022\/10\/Salle-de-r\u00e9union-Calice-G\u00e9vaudan.jpg\" class=\"attachment-large size-large wp-image-1005\" alt=\"\" srcset=\"https:\/\/www.hotelcalicegevaudan.com\/wp-content\/uploads\/2022\/10\/Salle-de-r\u00e9union-Calice-G\u00e9vaudan.jpg 800w, https:\/\/www.hotelcalicegevaudan.com\/wp-content\/uploads\/2022\/10\/Salle-de-r\u00e9union-Calice-G\u00e9vaudan-300x196.jpg 300w, https:\/\/www.hotelcalicegevaudan.com\/wp-content\/uploads\/2022\/10\/Salle-de-r\u00e9union-Calice-G\u00e9vaudan-768x501.jpg 768w\" sizes=\"(max-width: 800px) 100vw, 800px\" \/>\t\t\t\t\t\t\t\t\t\t\t\t\t\t\t<\/div>\n\t\t\t\t<\/div>\n\t\t\t\t\t<\/div>\n\t\t<\/div>\n\t\t\t\t\t<\/div>\n\t\t<\/section>\n\t\t\t\t<section class=\"elementor-section elementor-top-section elementor-element elementor-element-a8acf10 elementor-section-boxed elementor-section-height-default elementor-section-height-default\" data-id=\"a8acf10\" data-element_type=\"section\">\n\t\t\t\t\t\t<div class=\"elementor-container elementor-column-gap-default\">\n\t\t\t\t\t<div class=\"elementor-column elementor-col-100 elementor-top-column elementor-element elementor-element-985bce8\" data-id=\"985bce8\" data-element_type=\"column\">\n\t\t\t<div class=\"elementor-widget-wrap elementor-element-populated\">\n\t\t\t\t\t\t<div class=\"elementor-element elementor-element-d65f1d2 elementor-widget elementor-widget-gallery\" data-id=\"d65f1d2\" data-element_type=\"widget\" data-settings=\"{&quot;gallery_layout&quot;:&quot;masonry&quot;,&quot;columns&quot;:3,&quot;lazyload&quot;:&quot;yes&quot;,&quot;columns_tablet&quot;:2,&quot;columns_mobile&quot;:1,&quot;gap&quot;:{&quot;unit&quot;:&quot;px&quot;,&quot;size&quot;:10,&quot;sizes&quot;:[]},&quot;gap_tablet&quot;:{&quot;unit&quot;:&quot;px&quot;,&quot;size&quot;:10,&quot;sizes&quot;:[]},&quot;gap_mobile&quot;:{&quot;unit&quot;:&quot;px&quot;,&quot;size&quot;:10,&quot;sizes&quot;:[]},&quot;link_to&quot;:&quot;file&quot;,&quot;overlay_background&quot;:&quot;yes&quot;,&quot;content_hover_animation&quot;:&quot;fade-in&quot;}\" data-widget_type=\"gallery.default\">\n\t\t\t\t<div class=\"elementor-widget-container\">\n\t\t\t\t\t\t\t<div class=\"elementor-gallery__container\">\n\t\t\t\t\t\t\t<a class=\"e-gallery-item elementor-gallery-item elementor-animated-content\" href=\"https:\/\/www.hotelcalicegevaudan.com\/wp-content\/uploads\/2020\/02\/salle-r\u00e9union-calice-gevaudan-2.png\" data-elementor-open-lightbox=\"yes\" data-elementor-lightbox-slideshow=\"d65f1d2\" data-elementor-lightbox-title=\"salle-r\u00e9union-calice-gevaudan-2\" data-e-action-hash=\"#elementor-action%3Aaction%3Dlightbox%26settings%3DeyJpZCI6MzAwLCJ1cmwiOiJodHRwczpcL1wvd3d3LmhvdGVsY2FsaWNlZ2V2YXVkYW4uY29tXC93cC1jb250ZW50XC91cGxvYWRzXC8yMDIwXC8wMlwvc2FsbGUtclx1MDBlOXVuaW9uLWNhbGljZS1nZXZhdWRhbi0yLnBuZyIsInNsaWRlc2hvdyI6ImQ2NWYxZDIifQ%3D%3D\">\n\t\t\t\t\t<div class=\"e-gallery-image elementor-gallery-item__image\" data-thumbnail=\"https:\/\/www.hotelcalicegevaudan.com\/wp-content\/uploads\/2020\/02\/salle-r\u00e9union-calice-gevaudan-2.png\" data-width=\"800\" data-height=\"600\" aria-label=\"\" role=\"img\" ><\/div>\n\t\t\t\t\t\t\t\t\t\t\t<div class=\"elementor-gallery-item__overlay\"><\/div>\n\t\t\t\t\t\t\t\t\t\t\t\t\t\t<\/a>\n\t\t\t\t\t\t\t<a class=\"e-gallery-item elementor-gallery-item elementor-animated-content\" href=\"https:\/\/www.hotelcalicegevaudan.com\/wp-content\/uploads\/2020\/02\/salle-r\u00e9union-calice-gevaudan.png\" data-elementor-open-lightbox=\"yes\" data-elementor-lightbox-slideshow=\"d65f1d2\" data-elementor-lightbox-title=\"salle-r\u00e9union-calice-gevaudan\" data-e-action-hash=\"#elementor-action%3Aaction%3Dlightbox%26settings%3DeyJpZCI6Mjk5LCJ1cmwiOiJodHRwczpcL1wvd3d3LmhvdGVsY2FsaWNlZ2V2YXVkYW4uY29tXC93cC1jb250ZW50XC91cGxvYWRzXC8yMDIwXC8wMlwvc2FsbGUtclx1MDBlOXVuaW9uLWNhbGljZS1nZXZhdWRhbi5wbmciLCJzbGlkZXNob3ciOiJkNjVmMWQyIn0%3D\">\n\t\t\t\t\t<div class=\"e-gallery-image elementor-gallery-item__image\" data-thumbnail=\"https:\/\/www.hotelcalicegevaudan.com\/wp-content\/uploads\/2020\/02\/salle-r\u00e9union-calice-gevaudan.png\" data-width=\"800\" data-height=\"600\" aria-label=\"\" role=\"img\" ><\/div>\n\t\t\t\t\t\t\t\t\t\t\t<div class=\"elementor-gallery-item__overlay\"><\/div>\n\t\t\t\t\t\t\t\t\t\t\t\t\t\t<\/a>\n\t\t\t\t\t\t\t<a class=\"e-gallery-item elementor-gallery-item elementor-animated-content\" href=\"https:\/\/www.hotelcalicegevaudan.com\/wp-content\/uploads\/2020\/04\/salle-r\u00e9union-calice-gevaudan-2.png\" data-elementor-open-lightbox=\"yes\" data-elementor-lightbox-slideshow=\"d65f1d2\" data-elementor-lightbox-title=\"salle-r\u00e9union-calice-gevaudan-2\" data-e-action-hash=\"#elementor-action%3Aaction%3Dlightbox%26settings%3DeyJpZCI6NDc1LCJ1cmwiOiJodHRwczpcL1wvd3d3LmhvdGVsY2FsaWNlZ2V2YXVkYW4uY29tXC93cC1jb250ZW50XC91cGxvYWRzXC8yMDIwXC8wNFwvc2FsbGUtclx1MDBlOXVuaW9uLWNhbGljZS1nZXZhdWRhbi0yLnBuZyIsInNsaWRlc2hvdyI6ImQ2NWYxZDIifQ%3D%3D\">\n\t\t\t\t\t<div class=\"e-gallery-image elementor-gallery-item__image\" data-thumbnail=\"https:\/\/www.hotelcalicegevaudan.com\/wp-content\/uploads\/2020\/04\/salle-r\u00e9union-calice-gevaudan-2.png\" data-width=\"800\" data-height=\"600\" aria-label=\"\" role=\"img\" ><\/div>\n\t\t\t\t\t\t\t\t\t\t\t<div class=\"elementor-gallery-item__overlay\"><\/div>\n\t\t\t\t\t\t\t\t\t\t\t\t\t\t<\/a>\n\t\t\t\t\t<\/div>\n\t\t\t\t\t<\/div>\n\t\t\t\t<\/div>\n\t\t\t\t<div class=\"elementor-element elementor-element-6f68523 elementor-widget elementor-widget-spacer\" data-id=\"6f68523\" data-element_type=\"widget\" data-widget_type=\"spacer.default\">\n\t\t\t\t<div class=\"elementor-widget-container\">\n\t\t\t\t\t\t\t<div class=\"elementor-spacer\">\n\t\t\t<div class=\"elementor-spacer-inner\"><\/div>\n\t\t<\/div>\n\t\t\t\t\t\t<\/div>\n\t\t\t\t<\/div>\n\t\t\t\t\t<\/div>\n\t\t<\/div>\n\t\t\t\t\t<\/div>\n\t\t<\/section>\n\t\t\t\t<section class=\"elementor-section elementor-top-section elementor-element elementor-element-3539158 elementor-section-boxed elementor-section-height-default elementor-section-height-default\" data-id=\"3539158\" data-element_type=\"section\">\n\t\t\t\t\t\t<div class=\"elementor-container elementor-column-gap-default\">\n\t\t\t\t\t<div class=\"elementor-column elementor-col-100 elementor-top-column elementor-element elementor-element-860985f\" data-id=\"860985f\" data-element_type=\"column\">\n\t\t\t<div class=\"elementor-widget-wrap elementor-element-populated\">\n\t\t\t\t\t\t<div class=\"elementor-element elementor-element-360242c elementor-widget elementor-widget-heading\" data-id=\"360242c\" data-element_type=\"widget\" data-widget_type=\"heading.default\">\n\t\t\t\t<div class=\"elementor-widget-container\">\n\t\t\t\t\t<h2 class=\"elementor-heading-title elementor-size-default\">Las tarifas reservadas a los profesionales<\/h2>\t\t\t\t<\/div>\n\t\t\t\t<\/div>\n\t\t\t\t\t<\/div>\n\t\t<\/div>\n\t\t\t\t\t<\/div>\n\t\t<\/section>\n\t\t\t\t<section class=\"elementor-section elementor-top-section elementor-element elementor-element-14c8ec0 elementor-section-boxed elementor-section-height-default elementor-section-height-default\" data-id=\"14c8ec0\" data-element_type=\"section\">\n\t\t\t\t\t\t<div class=\"elementor-container elementor-column-gap-default\">\n\t\t\t\t\t<div class=\"elementor-column elementor-col-50 elementor-top-column elementor-element elementor-element-69fdfaf\" data-id=\"69fdfaf\" data-element_type=\"column\">\n\t\t\t<div class=\"elementor-widget-wrap elementor-element-populated\">\n\t\t\t\t\t\t<div class=\"elementor-element elementor-element-c0098cb elementor-widget elementor-widget-price-list\" data-id=\"c0098cb\" data-element_type=\"widget\" data-widget_type=\"price-list.default\">\n\t\t\t\t<div class=\"elementor-widget-container\">\n\t\t\t\t\t\n\t\t<ul class=\"elementor-price-list\">\n\n\t\t\t\t\t\t\t\t\t<li class=\"elementor-price-list-item\">\t\t\t\t\n\t\t\t\t<div class=\"elementor-price-list-text\">\n\t\t\t\t\t\t\t\t\t<div class=\"elementor-price-list-header\">\n\t\t\t\t\t\t\t\t\t\t\t<span class=\"elementor-price-list-title\">\n\t\t\t\t\t\t\tPrivatizaci\u00f3n de la sala de reuniones\t\t\t\t\t\t<\/span>\n\t\t\t\t\t\t\t\t\t\t\t\t\t\t\t\t\t\t<span class=\"elementor-price-list-separator\"><\/span>\n\t\t\t\t\t\t\t\t\t\t\t\t\t\t\t\t\t\t\t<span class=\"elementor-price-list-price\">150 \u20ac<\/span>\n\t\t\t\t\t\t\t\t\t\t<\/div>\n\t\t\t\t\t\t\t\t\t\t\t\t<\/div>\n\t\t\t\t<\/li>\t\t\t\t\t\t\t\t\t\t\t\t<li class=\"elementor-price-list-item\">\t\t\t\t\n\t\t\t\t<div class=\"elementor-price-list-text\">\n\t\t\t\t\t\t\t\t\t<div class=\"elementor-price-list-header\">\n\t\t\t\t\t\t\t\t\t\t\t<span class=\"elementor-price-list-title\">\n\t\t\t\t\t\t\tPaquete seminario\t\t\t\t\t\t<\/span>\n\t\t\t\t\t\t\t\t\t\t\t\t\t\t\t\t\t\t<span class=\"elementor-price-list-separator\"><\/span>\n\t\t\t\t\t\t\t\t\t\t\t\t\t\t\t\t\t\t\t<span class=\"elementor-price-list-price\">50 \u20ac<\/span>\n\t\t\t\t\t\t\t\t\t\t<\/div>\n\t\t\t\t\t\t\t\t\t\t\t\t\t\t\t<p class=\"elementor-price-list-description\">\n\t\t\t\t\t\t\tIncluye: una pausa y el almuerzo del mediod\u00eda sin bebidas, caf\u00e9s incluidos\t\t\t\t\t\t<\/p>\n\t\t\t\t\t\t\t\t<\/div>\n\t\t\t\t<\/li>\t\t\t\t\t\t\t\t\t\t\t\t<li class=\"elementor-price-list-item\">\t\t\t\t\n\t\t\t\t<div class=\"elementor-price-list-text\">\n\t\t\t\t\t\t\t\t\t<div class=\"elementor-price-list-header\">\n\t\t\t\t\t\t\t\t\t\t\t<span class=\"elementor-price-list-title\">\n\t\t\t\t\t\t\tPaquete velada etapa\t\t\t\t\t\t<\/span>\n\t\t\t\t\t\t\t\t\t\t\t\t\t\t\t\t\t\t<span class=\"elementor-price-list-separator\"><\/span>\n\t\t\t\t\t\t\t\t\t\t\t\t\t\t\t\t\t\t\t<span class=\"elementor-price-list-price\">99 \u20ac <\/span>\n\t\t\t\t\t\t\t\t\t\t<\/div>\n\t\t\t\t\t\t\t\t\t\t\t\t\t\t\t<p class=\"elementor-price-list-description\">\n\t\t\t\t\t\t\tincluye: la habitaci\u00f3n + el desayuno + la cena sin bebidas\t\t\t\t\t\t<\/p>\n\t\t\t\t\t\t\t\t<\/div>\n\t\t\t\t<\/li>\t\t\t\t\t\n\t\t<\/ul>\n\n\t\t\t\t\t\t<\/div>\n\t\t\t\t<\/div>\n\t\t\t\t\t<\/div>\n\t\t<\/div>\n\t\t\t\t<div class=\"elementor-column elementor-col-50 elementor-top-column elementor-element elementor-element-3e0eb15\" data-id=\"3e0eb15\" data-element_type=\"column\">\n\t\t\t<div class=\"elementor-widget-wrap elementor-element-populated\">\n\t\t\t\t\t\t<div class=\"elementor-element elementor-element-9ddef08 elementor-align-center elementor-widget elementor-widget-button\" data-id=\"9ddef08\" data-element_type=\"widget\" data-widget_type=\"button.default\">\n\t\t\t\t<div class=\"elementor-widget-container\">\n\t\t\t\t\t\t\t\t\t<div class=\"elementor-button-wrapper\">\n\t\t\t\t\t<a class=\"elementor-button elementor-button-link elementor-size-sm\" href=\"https:\/\/www.hotelcalicegevaudan.com\/wp-content\/uploads\/2025\/10\/Offres-seminaires-2025-2026-1.pdf\" target=\"_blank\">\n\t\t\t\t\t\t<span class=\"elementor-button-content-wrapper\">\n\t\t\t\t\t\t<span class=\"elementor-button-icon\">\n\t\t\t\t<i aria-hidden=\"true\" class=\"fas fa-highlighter\"><\/i>\t\t\t<\/span>\n\t\t\t\t\t\t\t\t\t<span class=\"elementor-button-text\">Nuestra oferta para sus seminarios<\/span>\n\t\t\t\t\t<\/span>\n\t\t\t\t\t<\/a>\n\t\t\t\t<\/div>\n\t\t\t\t\t\t\t\t<\/div>\n\t\t\t\t<\/div>\n\t\t\t\t\t<\/div>\n\t\t<\/div>\n\t\t\t\t\t<\/div>\n\t\t<\/section>\n\t\t\t\t<\/div>","protected":false},"excerpt":{"rendered":"<p>Un espace r\u00e9serv\u00e9 aux professionnels Organisez vos r\u00e9unions professionnelles, vos s\u00e9minaires et vos \u00e9v\u00e9nements de soci\u00e9t\u00e9 en Loz\u00e8re \u00e0 Banassac ! Notre \u00e9tablissement vous propose une salle de r\u00e9union, salle de formation ou salle de conf\u00e9rence.Cette salle de r\u00e9union est \u00e9quip\u00e9e d\u2019un vid\u00e9o projecteur qui vous permet de diffuser vos pr\u00e9sentations ou de r\u00e9aliser des [&hellip;]<\/p>","protected":false},"author":2,"featured_media":0,"parent":0,"menu_order":0,"comment_status":"closed","ping_status":"closed","template":"","meta":{"footnotes":""},"class_list":["post-234","page","type-page","status-publish","hentry"],"yoast_head":"<!-- This site is optimized with the Yoast SEO plugin v26.7 - https:\/\/yoast.com\/wordpress\/plugins\/seo\/ -->\n<title>Salle de reunion et \u00e9venements entreprise, H\u00f4tel Restaurant Le Calice du G\u00e9vaudan<\/title>\n<meta name=\"description\" content=\"Notre \u00e9tablissement vous propose une salle de r\u00e9union, salle de formation ou salle de conf\u00e9rence. Organisez vos r\u00e9unions professionnelles, vos s\u00e9minaires en Loz\u00e8re\" \/>\n<meta name=\"robots\" content=\"index, follow, max-snippet:-1, max-image-preview:large, max-video-preview:-1\" \/>\n<link rel=\"canonical\" href=\"https:\/\/www.hotelcalicegevaudan.com\/es\/evento-de-empresa\/\" \/>\n<meta property=\"og:locale\" content=\"es_ES\" \/>\n<meta property=\"og:type\" content=\"article\" \/>\n<meta property=\"og:title\" content=\"Salle de reunion et \u00e9venements entreprise, H\u00f4tel Restaurant Le Calice du G\u00e9vaudan\" \/>\n<meta property=\"og:description\" content=\"Notre \u00e9tablissement vous propose une salle de r\u00e9union, salle de formation ou salle de conf\u00e9rence. Organisez vos r\u00e9unions professionnelles, vos s\u00e9minaires en Loz\u00e8re\" \/>\n<meta property=\"og:url\" content=\"https:\/\/www.hotelcalicegevaudan.com\/es\/evento-de-empresa\/\" \/>\n<meta property=\"og:site_name\" content=\"Hotel Calice du G\u00e9vaudan\" \/>\n<meta property=\"article:modified_time\" content=\"2025-10-25T11:54:48+00:00\" \/>\n<meta name=\"twitter:card\" content=\"summary_large_image\" \/>\n<meta name=\"twitter:label1\" content=\"Tiempo de lectura\" \/>\n\t<meta name=\"twitter:data1\" content=\"1 minuto\" \/>\n<script type=\"application\/ld+json\" class=\"yoast-schema-graph\">{\"@context\":\"https:\/\/schema.org\",\"@graph\":[{\"@type\":\"WebPage\",\"@id\":\"https:\/\/www.hotelcalicegevaudan.com\/evenement-entreprise\/\",\"url\":\"https:\/\/www.hotelcalicegevaudan.com\/evenement-entreprise\/\",\"name\":\"Salle de reunion et \u00e9venements entreprise, H\u00f4tel Restaurant Le Calice du G\u00e9vaudan\",\"isPartOf\":{\"@id\":\"https:\/\/www.hotelcalicegevaudan.com\/#website\"},\"datePublished\":\"2020-02-11T14:01:15+00:00\",\"dateModified\":\"2025-10-25T11:54:48+00:00\",\"description\":\"Notre \u00e9tablissement vous propose une salle de r\u00e9union, salle de formation ou salle de conf\u00e9rence. Organisez vos r\u00e9unions professionnelles, vos s\u00e9minaires en Loz\u00e8re\",\"breadcrumb\":{\"@id\":\"https:\/\/www.hotelcalicegevaudan.com\/evenement-entreprise\/#breadcrumb\"},\"inLanguage\":\"es\",\"potentialAction\":[{\"@type\":\"ReadAction\",\"target\":[\"https:\/\/www.hotelcalicegevaudan.com\/evenement-entreprise\/\"]}]},{\"@type\":\"BreadcrumbList\",\"@id\":\"https:\/\/www.hotelcalicegevaudan.com\/evenement-entreprise\/#breadcrumb\",\"itemListElement\":[{\"@type\":\"ListItem\",\"position\":1,\"name\":\"Home\",\"item\":\"https:\/\/www.hotelcalicegevaudan.com\/\"},{\"@type\":\"ListItem\",\"position\":2,\"name\":\"Ev\u00e9nements D&rsquo;&hellip;\"}]},{\"@type\":\"WebSite\",\"@id\":\"https:\/\/www.hotelcalicegevaudan.com\/#website\",\"url\":\"https:\/\/www.hotelcalicegevaudan.com\/\",\"name\":\"Hotel Calice du G\u00e9vaudan\",\"description\":\"\",\"publisher\":{\"@id\":\"https:\/\/www.hotelcalicegevaudan.com\/#organization\"},\"potentialAction\":[{\"@type\":\"SearchAction\",\"target\":{\"@type\":\"EntryPoint\",\"urlTemplate\":\"https:\/\/www.hotelcalicegevaudan.com\/?s={search_term_string}\"},\"query-input\":{\"@type\":\"PropertyValueSpecification\",\"valueRequired\":true,\"valueName\":\"search_term_string\"}}],\"inLanguage\":\"es\"},{\"@type\":\"Organization\",\"@id\":\"https:\/\/www.hotelcalicegevaudan.com\/#organization\",\"name\":\"Hotel Calice du G\u00e9vaudan\",\"url\":\"https:\/\/www.hotelcalicegevaudan.com\/\",\"logo\":{\"@type\":\"ImageObject\",\"inLanguage\":\"es\",\"@id\":\"https:\/\/www.hotelcalicegevaudan.com\/#\/schema\/logo\/image\/\",\"url\":\"https:\/\/www.hotelcalicegevaudan.com\/wp-content\/uploads\/2020\/07\/cropped-logo-calice.png\",\"contentUrl\":\"https:\/\/www.hotelcalicegevaudan.com\/wp-content\/uploads\/2020\/07\/cropped-logo-calice.png\",\"width\":235,\"height\":235,\"caption\":\"Hotel Calice du G\u00e9vaudan\"},\"image\":{\"@id\":\"https:\/\/www.hotelcalicegevaudan.com\/#\/schema\/logo\/image\/\"}}]}<\/script>\n<!-- \/ Yoast SEO plugin. -->","yoast_head_json":{"title":"Sala de reuniones y eventos de empresa, Hotel Restaurante Le Calice du G\u00e9vaudan","description":"Nuestro establecimiento le ofrece una sala de reuniones, sala de formaci\u00f3n o sala de conferencias. Organice sus reuniones profesionales, sus seminarios en Loz\u00e8re","robots":{"index":"index","follow":"follow","max-snippet":"max-snippet:-1","max-image-preview":"max-image-preview:large","max-video-preview":"max-video-preview:-1"},"canonical":"https:\/\/www.hotelcalicegevaudan.com\/es\/evento-de-empresa\/","og_locale":"es_ES","og_type":"article","og_title":"Salle de reunion et \u00e9venements entreprise, H\u00f4tel Restaurant Le Calice du G\u00e9vaudan","og_description":"Notre \u00e9tablissement vous propose une salle de r\u00e9union, salle de formation ou salle de conf\u00e9rence. Organisez vos r\u00e9unions professionnelles, vos s\u00e9minaires en Loz\u00e8re","og_url":"https:\/\/www.hotelcalicegevaudan.com\/es\/evento-de-empresa\/","og_site_name":"Hotel Calice du G\u00e9vaudan","article_modified_time":"2025-10-25T11:54:48+00:00","twitter_card":"summary_large_image","twitter_misc":{"Tiempo de lectura":"1 minuto"},"schema":{"@context":"https:\/\/schema.org","@graph":[{"@type":"WebPage","@id":"https:\/\/www.hotelcalicegevaudan.com\/evenement-entreprise\/","url":"https:\/\/www.hotelcalicegevaudan.com\/evenement-entreprise\/","name":"Sala de reuniones y eventos de empresa, Hotel Restaurante Le Calice du G\u00e9vaudan","isPartOf":{"@id":"https:\/\/www.hotelcalicegevaudan.com\/#website"},"datePublished":"2020-02-11T14:01:15+00:00","dateModified":"2025-10-25T11:54:48+00:00","description":"Nuestro establecimiento le ofrece una sala de reuniones, sala de formaci\u00f3n o sala de conferencias. Organice sus reuniones profesionales, sus seminarios en Loz\u00e8re","breadcrumb":{"@id":"https:\/\/www.hotelcalicegevaudan.com\/evenement-entreprise\/#breadcrumb"},"inLanguage":"es","potentialAction":[{"@type":"ReadAction","target":["https:\/\/www.hotelcalicegevaudan.com\/evenement-entreprise\/"]}]},{"@type":"BreadcrumbList","@id":"https:\/\/www.hotelcalicegevaudan.com\/evenement-entreprise\/#breadcrumb","itemListElement":[{"@type":"ListItem","position":1,"name":"Home","item":"https:\/\/www.hotelcalicegevaudan.com\/"},{"@type":"ListItem","position":2,"name":"Ev\u00e9nements D&rsquo;&hellip;"}]},{"@type":"WebSite","@id":"https:\/\/www.hotelcalicegevaudan.com\/#website","url":"https:\/\/www.hotelcalicegevaudan.com\/","name":"Hotel Calice du G\u00e9vaudan","description":"","publisher":{"@id":"https:\/\/www.hotelcalicegevaudan.com\/#organization"},"potentialAction":[{"@type":"SearchAction","target":{"@type":"EntryPoint","urlTemplate":"https:\/\/www.hotelcalicegevaudan.com\/?s={search_term_string}"},"query-input":{"@type":"PropertyValueSpecification","valueRequired":true,"valueName":"search_term_string"}}],"inLanguage":"es"},{"@type":"Organization","@id":"https:\/\/www.hotelcalicegevaudan.com\/#organization","name":"Hotel Calice du G\u00e9vaudan","url":"https:\/\/www.hotelcalicegevaudan.com\/","logo":{"@type":"ImageObject","inLanguage":"es","@id":"https:\/\/www.hotelcalicegevaudan.com\/#\/schema\/logo\/image\/","url":"https:\/\/www.hotelcalicegevaudan.com\/wp-content\/uploads\/2020\/07\/cropped-logo-calice.png","contentUrl":"https:\/\/www.hotelcalicegevaudan.com\/wp-content\/uploads\/2020\/07\/cropped-logo-calice.png","width":235,"height":235,"caption":"Hotel Calice du G\u00e9vaudan"},"image":{"@id":"https:\/\/www.hotelcalicegevaudan.com\/#\/schema\/logo\/image\/"}}]}},"_links":{"self":[{"href":"https:\/\/www.hotelcalicegevaudan.com\/es\/wp-json\/wp\/v2\/pages\/234","targetHints":{"allow":["GET"]}}],"collection":[{"href":"https:\/\/www.hotelcalicegevaudan.com\/es\/wp-json\/wp\/v2\/pages"}],"about":[{"href":"https:\/\/www.hotelcalicegevaudan.com\/es\/wp-json\/wp\/v2\/types\/page"}],"author":[{"embeddable":true,"href":"https:\/\/www.hotelcalicegevaudan.com\/es\/wp-json\/wp\/v2\/users\/2"}],"replies":[{"embeddable":true,"href":"https:\/\/www.hotelcalicegevaudan.com\/es\/wp-json\/wp\/v2\/comments?post=234"}],"version-history":[{"count":3,"href":"https:\/\/www.hotelcalicegevaudan.com\/es\/wp-json\/wp\/v2\/pages\/234\/revisions"}],"predecessor-version":[{"id":1605,"href":"https:\/\/www.hotelcalicegevaudan.com\/es\/wp-json\/wp\/v2\/pages\/234\/revisions\/1605"}],"wp:attachment":[{"href":"https:\/\/www.hotelcalicegevaudan.com\/es\/wp-json\/wp\/v2\/media?parent=234"}],"curies":[{"name":"wp","href":"https:\/\/api.w.org\/{rel}","templated":true}]}}